{"id":86,"date":"2017-03-18T11:51:16","date_gmt":"2017-03-18T10:51:16","guid":{"rendered":"http:\/\/helenecayet.com\/?page_id=86"},"modified":"2023-08-30T13:53:10","modified_gmt":"2023-08-30T11:53:10","slug":"info","status":"publish","type":"page","link":"https:\/\/helenecayet.com\/en\/info\/","title":{"rendered":"Info"},"content":{"rendered":"<h2>helene.cayet@gmail.com<\/h2>\n<h2>+33 6 58 33 10 60<\/h2>\n<hr \/>\n<h5 class=\"p1\"><strong>Education<\/strong><\/h5>\n<h6 class=\"p1\">2018 : Master of Letters in Fine Art Practice, Glasgow School of Art, Scotland, UK. (with DISTINCTION)<\/h6>\n<h6 class=\"p1\">2010-2015 :\u00a0DNSEP (Dipl\u00f4me National Sup\u00e9rieur d&#8217;Expression Plastique)\u00a0at\u00a0ESAD, Reims, France. (with HONORS)<\/h6>\n<hr \/>\n<h5 class=\"p1\"><strong>Selection of exhibitions\/performances<\/strong><\/h5>\n<h6>2023<\/h6>\n<h6>&#8211; <em>PTYX<\/em>, launch of Pascal Torres&#8217;s book, Galerie Sator, Marais, Paris.<\/h6>\n<h6>&#8211; <em>R\u00c9SULTAT INOU\u00cf<\/em>, launch and exhibition of the zine, Flor\u00e9al Belleville, Paris. (with association J\u00e9r\u00e9mie)<\/h6>\n<h6 class=\"p2\">&#8211;\u00a0<i>Fusion Food<\/i>, La G\u00e9n\u00e9rale, Paris (with Elina Bry)<\/h6>\n<h6 class=\"p3\">2022<\/h6>\n<h6 class=\"p2\"><i>&#8211; Purcell \u00e0 la boiler room,<\/i> De mon d\u00e9sert, Temple protestant de Port Royal, Paris.<\/h6>\n<h6 class=\"p3\">&#8211;\u00a0<i>Food for Thought<\/i>, La G\u00e9n\u00e9rale, Paris.<\/h6>\n<h6>2019<\/h6>\n<h6 class=\"p1\">&#8211; <em>touch\u00e9 coul\u00e9<\/em>, Maladie d\u2019amour, Lili Reynaud Dewar studio, Grenoble, France.<\/h6>\n<h6 class=\"p1\">&#8211; <em>Relay<\/em>, Tramway, Glasgow, UK.<\/h6>\n<h6 class=\"p1\">&#8211; <em>shape\/scape<\/em>, ATELIERFRANKFURT, Frankfurt, Germany.<\/h6>\n<h6>2018<\/h6>\n<h6>&#8211; <em>House Guest<\/em>, Hampton court guest house, 230 Renfrew street, Glasgow,UK.<\/h6>\n<h6>&#8211; <em>The kitchen<\/em>, Degree show, Tontine Building, Glasgow, UK<\/h6>\n<h6>&#8211; <em>Speculations On Marshlands<\/em>, 124 Craighall Road, Glasgow,UK<\/h6>\n<h6>&#8211; <em>No Safe Haven<\/em>, Pipe factory, Glasgow, UK.<\/h6>\n<h6>&#8211; <em>Pending His Ride<\/em>, Bus Residency, Tontine building, glasgow, UK.<\/h6>\n<h6 class=\"p1\">2017<\/h6>\n<h6 class=\"p1\">&#8211; <em>Open Studio<\/em>, Tontine building, Glasgow, Scotland, UK.<\/h6>\n<h6 class=\"p1\">&#8211; <em>Alliage L\u2019union impossible des mat\u00e9riaux<\/em>, L\u2019arc sc\u00e8ne nationale du Creusot, France.<\/h6>\n<h6 class=\"p1\">&#8211; <em>Transept<\/em>, Espace Saint Sauveur, Issy-Les-Moulineaux, France.<\/h6>\n<h6 class=\"p1\">2016<\/h6>\n<h6 class=\"p1\">&#8211; <em>Open House<\/em>, Le Lavoir, Ivry-Sur-Seine, France.<\/h6>\n<h6 class=\"p1\">2015<\/h6>\n<h6 class=\"p1\">&#8211; <em>Format Raisin<\/em>, Les Celliers, Reims, France.<\/h6>\n<h6 class=\"p1\">&#8211; <em>Un passage \u00e0 bout portant<\/em>, Centre d\u2019Art Contemporain Passages, Troyes, France.<\/h6>\n<h6 class=\"p1\">2013<\/h6>\n<h6 class=\"p1\">&#8211; <em>Double jeu<\/em><span class=\"s1\">,\u00a0<\/span>Palais du Tau, Reims, France.<\/h6>\n<h4 class=\"p1\"><\/h4>\n<h4><\/h4>\n<h5 class=\"p1\"><strong>Residencies<\/strong><\/h5>\n<h6>January 2023 &#8211; Fusion Food, La G\u00e9n\u00e9rale, Paris. (with Elina Bry)<\/h6>\n<h6>March 2022 &#8211; Food for Thought, La G\u00e9n\u00e9rale, Paris.<\/h6>\n<h6 class=\"p1\">From September 2021 to now &#8211; Curatorial project around Elina Bry and Jin Matutamtada&#8217; digital residencies on\u00a0<span class=\"s1\">jeremiespace.com<\/span><\/h6>\n<h6>From June to December 2020 &#8211; Laboratoire de la cr\u00e9ation, Paris.<\/h6>\n<h6>August 2019 &#8211; Maladie d&#8217;Amour, Grenoble, France.<\/h6>\n<h6>February 2018 &#8211; Bus residency, Glasgow, UK.<\/h6>\n<h6 class=\"p1\">May 2017 &#8211; L\u2019\u00ceLOT, Loix en R\u00e9, France.<\/h6>\n<h6 class=\"p1\">July 2016 &#8211; La Palmeraie (International residency), Casablanca, Maroc.<\/h6>\n<h6 class=\"p1\">March 2016 &#8211; AIR program (artists in residence program), Salzburger Kunstverein, Salzburg, Austria.<\/h6>\n<h6 class=\"p1\">2016 &#8211; 2017 &#8211; Le Lavoir, Ivry-Sur-Seine, France.<\/h6>\n","protected":false},"excerpt":{"rendered":"<div class=\"entry-more-cont\"><div class=\"entry-more\"><a class=\"hvr\" href=\"https:\/\/helenecayet.com\/en\/info\/\">Read More<\/a><\/div><\/div>","protected":false},"author":1,"featured_media":0,"parent":0,"menu_order":4,"comment_status":"closed","ping_status":"closed","template":"","meta":{"footnotes":""},"_links":{"self":[{"href":"https:\/\/helenecayet.com\/en\/wp-json\/wp\/v2\/pages\/86"}],"collection":[{"href":"https:\/\/helenecayet.com\/en\/wp-json\/wp\/v2\/pages"}],"about":[{"href":"https:\/\/helenecayet.com\/en\/wp-json\/wp\/v2\/types\/page"}],"author":[{"embeddable":true,"href":"https:\/\/helenecayet.com\/en\/wp-json\/wp\/v2\/users\/1"}],"replies":[{"embeddable":true,"href":"https:\/\/helenecayet.com\/en\/wp-json\/wp\/v2\/comments?post=86"}],"version-history":[{"count":22,"href":"https:\/\/helenecayet.com\/en\/wp-json\/wp\/v2\/pages\/86\/revisions"}],"predecessor-version":[{"id":707,"href":"https:\/\/helenecayet.com\/en\/wp-json\/wp\/v2\/pages\/86\/revisions\/707"}],"wp:attachment":[{"href":"https:\/\/helenecayet.com\/en\/wp-json\/wp\/v2\/media?parent=86"}],"curies":[{"name":"wp","href":"https:\/\/api.w.org\/{rel}","templated":true}]}}