{"id":82,"date":"2017-04-01T11:22:34","date_gmt":"2017-04-01T09:22:34","guid":{"rendered":"http:\/\/helenecayet.com\/?page_id=82"},"modified":"2023-08-30T13:23:25","modified_gmt":"2023-08-30T11:23:25","slug":"home","status":"publish","type":"page","link":"http:\/\/helenecayet.com\/en\/","title":{"rendered":"Home"},"content":{"rendered":"<h3>October 5, 2023<\/h3>\n<h1><em>PTYX<\/em><\/h1>\n<p>Launch of the book PTYX, from Pascal Torres.<\/p>\n<p>With H\u00e9l\u00e8ne Cayet&#8217;s art works.<\/p>\n<p>Galerie Sator, Paris Marais<\/p>\n<hr \/>\n<h3>September 12, 2023<\/h3>\n<h1><em>R\u00c9SULTAT INOU\u00cf<\/em><\/h1>\n<p>Launch party of the zine R\u00c9SULTAT INOU\u00cf. Supported by the association J\u00e9r\u00e9mie.<\/p>\n<p>With Elina Bry&#8217;s recorded performance and H\u00e9l\u00e8ne Cayet&#8217;s texts and art works. Graphic design by Krzysztof Dulba.<\/p>\n<p>Flor\u00e9al Belleville, Paris<\/p>\n<hr \/>\n<h3>January 19, 2023<\/h3>\n<h1><em>Fusion Food<\/em><\/h1>\n<p>End of residency performance and exhibition. In collaboration with Elina Bry<\/p>\n<p>La g\u00e9n\u00e9rale, Paris.<\/p>\n<hr \/>\n<h3>From April 21 to April 28, 2022<\/h3>\n<h1><em>Food for Thought<\/em><\/h1>\n<p>End of residency exhibition<\/p>\n<p>La g\u00e9n\u00e9rale, Paris.<\/p>\n<hr \/>\n<h3>April 3, 2022<\/h3>\n<p>Performance in collaboration with Jin Matutamtada<\/p>\n<p>Concert night &#8216;De mon D\u00e9sert&#8217;, Temple de port Royal, Paris.<\/p>\n<p>With Cinna Peyghamy and Jardino. Curated by Yves Bartlett.<\/p>\n<hr \/>\n<h3>November 2021 and January 2022<\/h3>\n<p>Curator invited by JEREMIE for Elina Bry&#8217;s digital residency and Jin Matutamtada&#8217;s digital residency on\u00a0<a href=\"http:\/\/jeremiesapce.com\">jeremiespace.com<\/a><\/p>\n<hr \/>\n<h3><\/h3>\n<h3>August 28, 2019<\/h3>\n<p>Opening<\/p>\n<h1><em>Touch\u00e9 Coul\u00e9<\/em><\/h1>\n<p>Solo show<\/p>\n<p>Maladie d&#8217;Amour residency, Grenoble, France<\/p>\n<h3><\/h3>\n<hr \/>\n<h3>From July 17 to July 21, 2019<\/h3>\n<h1><em>Relay<\/em><\/h1>\n<p>Tramway, Glasgow, UK.<\/p>\n<p>With\u00a0<span class=\"s1\">Helene Cayet, Nicky Cornwell, Cameron Duke, Hannah Edward, Matthias Esch, Katie Eyre, Helena Fong, Lois Hopwood, Sun Kim, Sofia Kyriakopoulou, Gori Mora, Charles Myatt, Roxanne Sarraille. Oktavia Schreiner, Gianine Tabja<\/span><\/p>\n<hr \/>\n<h3>From April 13 to April 23, 2019<\/h3>\n<h1><em>SHAPE\/SCAPE<\/em><\/h1>\n<p>ATELIERFRANKFURT e.V.,\u00a0Francfort-sur-le-Main, Allemagne.<\/p>\n<p>With H\u00e9l\u00e8ne Cayet, Cecilie Neumann, Friederike Walter. Curated by Julia Psilitelis.<\/p>\n<h2><\/h2>\n<h1><\/h1>\n<h2><\/h2>\n","protected":false},"excerpt":{"rendered":"<div class=\"entry-more-cont\"><div class=\"entry-more\"><a class=\"hvr\" href=\"http:\/\/helenecayet.com\/en\/\">Read More<\/a><\/div><\/div>","protected":false},"author":1,"featured_media":0,"parent":0,"menu_order":2,"comment_status":"closed","ping_status":"closed","template":"","meta":{"footnotes":""},"_links":{"self":[{"href":"http:\/\/helenecayet.com\/en\/wp-json\/wp\/v2\/pages\/82"}],"collection":[{"href":"http:\/\/helenecayet.com\/en\/wp-json\/wp\/v2\/pages"}],"about":[{"href":"http:\/\/helenecayet.com\/en\/wp-json\/wp\/v2\/types\/page"}],"author":[{"embeddable":true,"href":"http:\/\/helenecayet.com\/en\/wp-json\/wp\/v2\/users\/1"}],"replies":[{"embeddable":true,"href":"http:\/\/helenecayet.com\/en\/wp-json\/wp\/v2\/comments?post=82"}],"version-history":[{"count":12,"href":"http:\/\/helenecayet.com\/en\/wp-json\/wp\/v2\/pages\/82\/revisions"}],"predecessor-version":[{"id":698,"href":"http:\/\/helenecayet.com\/en\/wp-json\/wp\/v2\/pages\/82\/revisions\/698"}],"wp:attachment":[{"href":"http:\/\/helenecayet.com\/en\/wp-json\/wp\/v2\/media?parent=82"}],"curies":[{"name":"wp","href":"https:\/\/api.w.org\/{rel}","templated":true}]}}